{"id":29,"date":"2020-09-09T16:49:30","date_gmt":"2020-09-09T14:49:30","guid":{"rendered":"http:\/\/www.cea-wismar.de\/asim2021\/?page_id=29"},"modified":"2021-01-12T18:05:09","modified_gmt":"2021-01-12T17:05:09","slug":"11-12-maerz-2021","status":"publish","type":"page","link":"https:\/\/www.cea-wismar.de\/asim2021\/","title":{"rendered":"11. &#8211; 12. M\u00e4rz 2021"},"content":{"rendered":"\n<h2 class=\"has-text-align-center\"> VIRTUELLER<br>ASIM STS\/GMMS &amp; EDU WORKSHOP 2021<\/h2>\n\n\n\n<p>Der allj\u00e4hrliche Workshop der <a rel=\"noreferrer noopener\" href=\"http:\/\/www.asim-gi.org\" data-type=\"URL\" data-id=\"www.asim-gi.org\" target=\"_blank\">ASIM<\/a> Fachgruppen STS (Simulation Technischer Systeme), GMMS (Grundlagen und Methoden in Modellbildung und Simulation) und EDU (Edukation und Simulation) wird 2021 als rein virtueller Workshop stattfinden.<\/p>\n\n\n\n<p>Trotz der aktuellen Lage m\u00f6chten wir auf Austausch nicht verzichten und hoffen, dass wir auch virtuell die \u00fcbliche offene Atmosph\u00e4re f\u00fcr lebendige Diskussionen und den Informations- und Erfahrungsaustausch zwischen Fachleuten aus Hochschulen, Forschungseinrichtungen und der Industrie schaffen k\u00f6nnen.<br>Den Call for Papers k\u00f6nnen Sie <a href=\"https:\/\/www.cea-wismar.de\/asim2021\/wp-content\/uploads\/2021\/01\/CFP_ASIM-STS_GMMS_EDU_Workshop-2021.pdf\" target=\"_blank\" rel=\"noreferrer noopener\">HIER<\/a> herunterladen.<\/p>\n\n\n\n<p>Wir freuen uns auf zahlreiche Beteiligung!<\/p>\n\n\n\n<p><\/p>\n\n\n\n<h4>Organisation<\/h4>\n\n\n\n<p><\/p>\n\n\n\n<p><em>Xiaobo Liu-Henke und Sven Jacobitz<\/em> (Hochschule Ostfalia)<br><em>Thorsten Pawletta und Christina Deatcu<\/em> (Hochschule Wismar)<br><em>Umut Durak<\/em> (DLR Braunschweig)<br><em>Walter Commerell<\/em> (Technische Hochschule Ulm)<br><em>Felix Breitenecker und Andreas K\u00f6rner<\/em> (TU Wien)<br><em>Oliver Rose<\/em> (Univ. der Bundeswehr M\u00fcnchen)<\/p>\n\n\n\n<p>Finanzabwicklung: Forschungs GmbH Wismar<br><\/p>\n","protected":false},"excerpt":{"rendered":"<p>VIRTUELLERASIM STS\/GMMS &amp; EDU WORKSHOP 2021 Der allj\u00e4hrliche Workshop der ASIM Fachgruppen STS (Simulation Technischer Systeme), GMMS (Grundlagen und Methoden in Modellbildung und Simulation) und EDU (Edukation und Simulation) wird 2021 als rein virtueller Workshop stattfinden. Trotz der aktuellen Lage m\u00f6chten wir auf Austausch nicht verzichten und hoffen, dass wir auch virtuell die \u00fcbliche offene [&hellip;]<\/p>\n","protected":false},"author":1,"featured_media":158,"parent":0,"menu_order":0,"comment_status":"closed","ping_status":"closed","template":"templates\/template-cover.php","meta":[],"_links":{"self":[{"href":"https:\/\/www.cea-wismar.de\/asim2021\/wp-json\/wp\/v2\/pages\/29"}],"collection":[{"href":"https:\/\/www.cea-wismar.de\/asim2021\/wp-json\/wp\/v2\/pages"}],"about":[{"href":"https:\/\/www.cea-wismar.de\/asim2021\/wp-json\/wp\/v2\/types\/page"}],"author":[{"embeddable":true,"href":"https:\/\/www.cea-wismar.de\/asim2021\/wp-json\/wp\/v2\/users\/1"}],"replies":[{"embeddable":true,"href":"https:\/\/www.cea-wismar.de\/asim2021\/wp-json\/wp\/v2\/comments?post=29"}],"version-history":[{"count":23,"href":"https:\/\/www.cea-wismar.de\/asim2021\/wp-json\/wp\/v2\/pages\/29\/revisions"}],"predecessor-version":[{"id":213,"href":"https:\/\/www.cea-wismar.de\/asim2021\/wp-json\/wp\/v2\/pages\/29\/revisions\/213"}],"wp:featuredmedia":[{"embeddable":true,"href":"https:\/\/www.cea-wismar.de\/asim2021\/wp-json\/wp\/v2\/media\/158"}],"wp:attachment":[{"href":"https:\/\/www.cea-wismar.de\/asim2021\/wp-json\/wp\/v2\/media?parent=29"}],"curies":[{"name":"wp","href":"https:\/\/api.w.org\/{rel}","templated":true}]}}