{"id":38,"date":"2020-09-09T17:08:16","date_gmt":"2020-09-09T15:08:16","guid":{"rendered":"http:\/\/www.cea-wismar.de\/asim2021\/?page_id=38"},"modified":"2021-01-26T10:37:26","modified_gmt":"2021-01-26T09:37:26","slug":"informationen-fuer-autoren","status":"publish","type":"page","link":"https:\/\/www.cea-wismar.de\/asim2021\/informationen-fuer-autoren\/","title":{"rendered":"F\u00fcr Autoren"},"content":{"rendered":"\n<p>Beitr\u00e4ge k\u00f6nnen sowohl anwendungsorientiert als auch grundlagenorientiert sein. Auch die Vorstellung von Ideenskizzen oder noch laufenden Projekten sind willkommen und m\u00fcssen nicht unbedingt den vorgegebenen <a href=\"https:\/\/www.cea-wismar.de\/asim2021\/themen\/\">thematischen Schwerpunkten<\/a> entsprechen.<\/p>\n\n\n\n<p>Die eingereichten Beitr\u00e4ge unterliegen einem Review-Prozess. Angenommene Beitr\u00e4ge werden in Form eines Tagungsbandes online ver\u00f6ffentlicht. Bitte vermerken Sie bei der Einreichung im Formularfeld <em>Abstract<\/em>, ob Sie die Publikation eines vollst\u00e4ndigen Beitrags oder nur des Abstracts w\u00fcnschen.<br><br>Ausgew\u00e4hlte Beitr\u00e4ge werden zur Ver\u00f6ffentlichung in englischer Sprache im Fachjournal Simulation Notes Europe (SNE) vorgeschlagen.<\/p>\n\n\n\n<p>Angenommene Beitr\u00e4ge werden als 20-min\u00fctige Pr\u00e4sentationen (zzgl. 5 Minuten f\u00fcr Fragen) via Zoom gehalten. Eine Vorabaufnahme als Video ist nicht m\u00f6glich.<br><a href=\"https:\/\/www.cea-wismar.de\/asim2021\/wp-content\/uploads\/2021\/01\/CFP_ASIM-STS_GMMS_EDU_Workshop-2021.pdf\" target=\"_blank\" rel=\"noreferrer noopener\">CfP als PDF<\/a><\/p>\n\n\n\n<p><br><strong>01.02.2021<\/strong> &#8211; <strong>Beitragseinreichung <\/strong>* &#8211; Verl\u00e4ngert<br><strong>12.02.2021<\/strong> &#8211; R\u00fcckmeldung \u00fcber Annahme\/Ablehnung<br><strong>22.02.2021<\/strong> &#8211; Einreichen der Langfassung der Beitr\u00e4ge<br><strong>08.03.2021<\/strong> &#8211; Anmeldeschluss f\u00fcr Teilnehmende<\/p>\n\n\n\n<p><\/p>\n\n\n\n<p>Bitte nutzen Sie f\u00fcr Ihre Beitr\u00e4ge ausschlie\u00dflich die Vorlagen (verf\u00fcgbar f\u00fcr Word und LaTeX).<\/p>\n\n\n\n<p>Download Vorlagen: <a href=\"https:\/\/www.cea-wismar.de\/asim2021\/wp-content\/uploads\/2020\/11\/ASIMTemplates.zip\" target=\"_blank\" rel=\"noopener noreferrer\">ASIMTemplates.zip<\/a><br>\nAchten Sie au\u00dferdem beim Erstellen des PDFs auf die Einbettung aller Schriftarten.<\/p>\n\n\n\n<p>Die Einreichung der Beitr\u00e4ge erfolgt \u00fcber EasyChair.<br><a rel=\"noreferrer noopener\" href=\"https:\/\/easychair.org\/conferences\/?conf=asimws2021\" target=\"_blank\">https:\/\/easychair.org\/conferences\/?conf=asimws2021<\/a><\/p>\n\n\n\n<p>* Zur Begutachtung eingereicht werden k\u00f6nnen Kurzfassungen (Extended Abstract, 2 Seiten) oder Langfassungen (max. 8 Seiten).<\/p>\n","protected":false},"excerpt":{"rendered":"<p>Beitr\u00e4ge k\u00f6nnen sowohl anwendungsorientiert als auch grundlagenorientiert sein. Auch die Vorstellung von Ideenskizzen oder noch laufenden Projekten sind willkommen und m\u00fcssen nicht unbedingt den vorgegebenen thematischen Schwerpunkten entsprechen. Die eingereichten Beitr\u00e4ge unterliegen einem Review-Prozess. Angenommene Beitr\u00e4ge werden in Form eines Tagungsbandes online ver\u00f6ffentlicht. Bitte vermerken Sie bei der Einreichung im Formularfeld Abstract, ob Sie die [&hellip;]<\/p>\n","protected":false},"author":1,"featured_media":0,"parent":0,"menu_order":0,"comment_status":"closed","ping_status":"closed","template":"templates\/template-full-width.php","meta":[],"_links":{"self":[{"href":"https:\/\/www.cea-wismar.de\/asim2021\/wp-json\/wp\/v2\/pages\/38"}],"collection":[{"href":"https:\/\/www.cea-wismar.de\/asim2021\/wp-json\/wp\/v2\/pages"}],"about":[{"href":"https:\/\/www.cea-wismar.de\/asim2021\/wp-json\/wp\/v2\/types\/page"}],"author":[{"embeddable":true,"href":"https:\/\/www.cea-wismar.de\/asim2021\/wp-json\/wp\/v2\/users\/1"}],"replies":[{"embeddable":true,"href":"https:\/\/www.cea-wismar.de\/asim2021\/wp-json\/wp\/v2\/comments?post=38"}],"version-history":[{"count":22,"href":"https:\/\/www.cea-wismar.de\/asim2021\/wp-json\/wp\/v2\/pages\/38\/revisions"}],"predecessor-version":[{"id":233,"href":"https:\/\/www.cea-wismar.de\/asim2021\/wp-json\/wp\/v2\/pages\/38\/revisions\/233"}],"wp:attachment":[{"href":"https:\/\/www.cea-wismar.de\/asim2021\/wp-json\/wp\/v2\/media?parent=38"}],"curies":[{"name":"wp","href":"https:\/\/api.w.org\/{rel}","templated":true}]}}